{"id":9,"date":"2023-04-23T20:11:52","date_gmt":"2023-04-23T18:11:52","guid":{"rendered":"https:\/\/vitadiet.pl\/sklep\/"},"modified":"2025-06-30T14:53:58","modified_gmt":"2025-06-30T12:53:58","slug":"produkty-vitadiet","status":"publish","type":"page","link":"https:\/\/vitadiet.pl\/produkty-vitadiet\/","title":{"rendered":"Produkty VITADIET"},"content":{"rendered":"\n<p><strong>VITADIET to polska marka suplement\u00f3w diety, tworzona z my\u015bl\u0105 o osobach poszukuj\u0105cych skutecznych i bezpiecznych produkt\u00f3w wspieraj\u0105cych zdrowie.<\/strong> Nasze preparaty powstaj\u0105 w oparciu o badania naukowe i realne potrzeby konsument\u00f3w. W ofercie znajdziesz suplementy wspieraj\u0105ce odporno\u015b\u0107, zdrowe w\u0142osy i sk\u00f3r\u0119, trawienie, a tak\u017ce produkty dla kobiet w ci\u0105\u017cy, sportowc\u00f3w i senior\u00f3w.<\/p>\n\n\n\n<p><strong>Ka\u017cdy etap produkcji realizujemy samodzielnie \u2013 od opracowania receptury, przez kontrolowan\u0105 produkcj\u0119, a\u017c po magazynowanie i logistyk\u0119.<\/strong> Pracujemy zgodnie z normami ISO 9001, ISO 13485, ISO 22000 oraz HACCP. Od 2019 roku posiadamy r\u00f3wnie\u017c certyfikat FDA. Nasze zak\u0142ady s\u0105 regularnie audytowane przez jednostki takie jak DEKRA czy T\u00dcV NORD.<\/p>\n\n\n\n<p><strong>VITADIET to nowoczesne suplementy, bez zb\u0119dnych dodatk\u00f3w \u2013 oparte na sk\u0142adnikach aktywnych o potwierdzonym dzia\u0142aniu.<\/strong> Dzi\u0119ki w\u0142asnemu dzia\u0142owi B+R stale udoskonalamy formu\u0142y i wprowadzamy innowacyjne rozwi\u0105zania.<\/p>\n\n\n\n<p><strong>Poznaj ofert\u0119 VITADIET i wybierz suplement dopasowany do swoich potrzeb. Postaw na jako\u015b\u0107, kt\u00f3rej zaufa\u0142y tysi\u0105ce klient\u00f3w i specjalist\u00f3w.<\/strong><\/p>\n","protected":false},"excerpt":{"rendered":"VITADIET to polska marka suplement\u00f3w diety, tworzona z my\u015bl\u0105 o osobach poszukuj\u0105cych skutecznych i bezpiecznych produkt\u00f3w wspieraj\u0105cych zdrowie. Nasze preparaty powstaj\u0105 w oparciu o badania naukowe i realne potrzeby konsument\u00f3w. W ofercie znajdziesz suplementy wspieraj\u0105ce odporno\u015b\u0107, zdrowe w\u0142osy i sk\u00f3r\u0119, trawienie, a tak\u017ce produkty dla kobiet w ci\u0105\u017cy, sportowc\u00f3w i senior\u00f3w. Ka\u017cdy etap produkcji realizujemy [&hellip;]","protected":false},"author":1,"featured_media":0,"parent":0,"menu_order":0,"comment_status":"closed","ping_status":"closed","template":"","meta":{"_acf_changed":false,"footnotes":""},"class_list":["post-9","page","type-page","status-publish","hentry"],"acf":[],"yoast_head":"<!-- This site is optimized with the Yoast SEO Premium plugin v20.1 (Yoast SEO v26.3) - https:\/\/yoast.com\/wordpress\/plugins\/seo\/ -->\n<title>Produkty VITADIET vitadiet.pl | VITADIET<\/title>\n<meta name=\"description\" content=\"Skuteczne suplementy diety VITADIET. Produkcja w Polsce, nowoczesne receptury, certyfikowana jako\u015b\u0107. Sprawd\u017a ofert\u0119 produkt\u00f3w.\" \/>\n<meta name=\"robots\" content=\"index, follow, max-snippet:-1, max-image-preview:large, max-video-preview:-1\" \/>\n<link rel=\"canonical\" href=\"https:\/\/vitadiet.pl\/produkty-vitadiet\/\" \/>\n<meta property=\"og:locale\" content=\"pl_PL\" \/>\n<meta property=\"og:type\" content=\"article\" \/>\n<meta property=\"og:title\" content=\"Produkty VITADIET\" \/>\n<meta property=\"og:description\" content=\"Skuteczne suplementy diety VITADIET. Produkcja w Polsce, nowoczesne receptury, certyfikowana jako\u015b\u0107. Sprawd\u017a ofert\u0119 produkt\u00f3w.\" \/>\n<meta property=\"og:url\" content=\"https:\/\/vitadiet.pl\/produkty-vitadiet\/\" \/>\n<meta property=\"og:site_name\" content=\"VITADIET\" \/>\n<meta property=\"article:publisher\" content=\"https:\/\/www.facebook.com\/VitaDietPL\/\" \/>\n<meta property=\"article:modified_time\" content=\"2025-06-30T12:53:58+00:00\" \/>\n<meta name=\"twitter:card\" content=\"summary_large_image\" \/>\n<meta name=\"twitter:label1\" content=\"Szacowany czas czytania\" \/>\n\t<meta name=\"twitter:data1\" content=\"1 minuta\" \/>\n<script type=\"application\/ld+json\" class=\"yoast-schema-graph\">{\"@context\":\"https:\/\/schema.org\",\"@graph\":[{\"@type\":\"WebPage\",\"@id\":\"https:\/\/vitadiet.pl\/produkty-vitadiet\/\",\"url\":\"https:\/\/vitadiet.pl\/produkty-vitadiet\/\",\"name\":\"Produkty VITADIET vitadiet.pl | VITADIET\",\"isPartOf\":{\"@id\":\"https:\/\/vitadiet.pl\/#website\"},\"datePublished\":\"2023-04-23T18:11:52+00:00\",\"dateModified\":\"2025-06-30T12:53:58+00:00\",\"description\":\"Skuteczne suplementy diety VITADIET. Produkcja w Polsce, nowoczesne receptury, certyfikowana jako\u015b\u0107. Sprawd\u017a ofert\u0119 produkt\u00f3w.\",\"breadcrumb\":{\"@id\":\"https:\/\/vitadiet.pl\/produkty-vitadiet\/#breadcrumb\"},\"inLanguage\":\"pl-PL\",\"potentialAction\":[{\"@type\":\"ReadAction\",\"target\":[\"https:\/\/vitadiet.pl\/produkty-vitadiet\/\"]}]},{\"@type\":\"BreadcrumbList\",\"@id\":\"https:\/\/vitadiet.pl\/produkty-vitadiet\/#breadcrumb\",\"itemListElement\":[{\"@type\":\"ListItem\",\"position\":1,\"name\":\"Strona g\u0142\u00f3wna\",\"item\":\"https:\/\/vitadiet.pl\/\"},{\"@type\":\"ListItem\",\"position\":2,\"name\":\"Produkty VITADIET\"}]},{\"@type\":\"WebSite\",\"@id\":\"https:\/\/vitadiet.pl\/#website\",\"url\":\"https:\/\/vitadiet.pl\/\",\"name\":\"VITADIET\",\"description\":\"\",\"publisher\":{\"@id\":\"https:\/\/vitadiet.pl\/#organization\"},\"potentialAction\":[{\"@type\":\"SearchAction\",\"target\":{\"@type\":\"EntryPoint\",\"urlTemplate\":\"https:\/\/vitadiet.pl\/?s={search_term_string}\"},\"query-input\":{\"@type\":\"PropertyValueSpecification\",\"valueRequired\":true,\"valueName\":\"search_term_string\"}}],\"inLanguage\":\"pl-PL\"},{\"@type\":\"Organization\",\"@id\":\"https:\/\/vitadiet.pl\/#organization\",\"name\":\"VITADIET\",\"url\":\"https:\/\/vitadiet.pl\/\",\"logo\":{\"@type\":\"ImageObject\",\"inLanguage\":\"pl-PL\",\"@id\":\"https:\/\/vitadiet.pl\/#\/schema\/logo\/image\/\",\"url\":\"https:\/\/vitadiet.pl\/wp-content\/uploads\/2024\/10\/VITADIET_logo_green.svg\",\"contentUrl\":\"https:\/\/vitadiet.pl\/wp-content\/uploads\/2024\/10\/VITADIET_logo_green.svg\",\"caption\":\"VITADIET\"},\"image\":{\"@id\":\"https:\/\/vitadiet.pl\/#\/schema\/logo\/image\/\"},\"sameAs\":[\"https:\/\/www.facebook.com\/VitaDietPL\/\",\"https:\/\/www.instagram.com\/vitadiet_pl\/\"]}]}<\/script>\n<!-- \/ Yoast SEO Premium plugin. -->","yoast_head_json":{"title":"Produkty VITADIET vitadiet.pl | VITADIET","description":"Skuteczne suplementy diety VITADIET. Produkcja w Polsce, nowoczesne receptury, certyfikowana jako\u015b\u0107. Sprawd\u017a ofert\u0119 produkt\u00f3w.","robots":{"index":"index","follow":"follow","max-snippet":"max-snippet:-1","max-image-preview":"max-image-preview:large","max-video-preview":"max-video-preview:-1"},"canonical":"https:\/\/vitadiet.pl\/produkty-vitadiet\/","og_locale":"pl_PL","og_type":"article","og_title":"Produkty VITADIET","og_description":"Skuteczne suplementy diety VITADIET. Produkcja w Polsce, nowoczesne receptury, certyfikowana jako\u015b\u0107. Sprawd\u017a ofert\u0119 produkt\u00f3w.","og_url":"https:\/\/vitadiet.pl\/produkty-vitadiet\/","og_site_name":"VITADIET","article_publisher":"https:\/\/www.facebook.com\/VitaDietPL\/","article_modified_time":"2025-06-30T12:53:58+00:00","twitter_card":"summary_large_image","twitter_misc":{"Szacowany czas czytania":"1 minuta"},"schema":{"@context":"https:\/\/schema.org","@graph":[{"@type":"WebPage","@id":"https:\/\/vitadiet.pl\/produkty-vitadiet\/","url":"https:\/\/vitadiet.pl\/produkty-vitadiet\/","name":"Produkty VITADIET vitadiet.pl | VITADIET","isPartOf":{"@id":"https:\/\/vitadiet.pl\/#website"},"datePublished":"2023-04-23T18:11:52+00:00","dateModified":"2025-06-30T12:53:58+00:00","description":"Skuteczne suplementy diety VITADIET. Produkcja w Polsce, nowoczesne receptury, certyfikowana jako\u015b\u0107. Sprawd\u017a ofert\u0119 produkt\u00f3w.","breadcrumb":{"@id":"https:\/\/vitadiet.pl\/produkty-vitadiet\/#breadcrumb"},"inLanguage":"pl-PL","potentialAction":[{"@type":"ReadAction","target":["https:\/\/vitadiet.pl\/produkty-vitadiet\/"]}]},{"@type":"BreadcrumbList","@id":"https:\/\/vitadiet.pl\/produkty-vitadiet\/#breadcrumb","itemListElement":[{"@type":"ListItem","position":1,"name":"Strona g\u0142\u00f3wna","item":"https:\/\/vitadiet.pl\/"},{"@type":"ListItem","position":2,"name":"Produkty VITADIET"}]},{"@type":"WebSite","@id":"https:\/\/vitadiet.pl\/#website","url":"https:\/\/vitadiet.pl\/","name":"VITADIET","description":"","publisher":{"@id":"https:\/\/vitadiet.pl\/#organization"},"potentialAction":[{"@type":"SearchAction","target":{"@type":"EntryPoint","urlTemplate":"https:\/\/vitadiet.pl\/?s={search_term_string}"},"query-input":{"@type":"PropertyValueSpecification","valueRequired":true,"valueName":"search_term_string"}}],"inLanguage":"pl-PL"},{"@type":"Organization","@id":"https:\/\/vitadiet.pl\/#organization","name":"VITADIET","url":"https:\/\/vitadiet.pl\/","logo":{"@type":"ImageObject","inLanguage":"pl-PL","@id":"https:\/\/vitadiet.pl\/#\/schema\/logo\/image\/","url":"https:\/\/vitadiet.pl\/wp-content\/uploads\/2024\/10\/VITADIET_logo_green.svg","contentUrl":"https:\/\/vitadiet.pl\/wp-content\/uploads\/2024\/10\/VITADIET_logo_green.svg","caption":"VITADIET"},"image":{"@id":"https:\/\/vitadiet.pl\/#\/schema\/logo\/image\/"},"sameAs":["https:\/\/www.facebook.com\/VitaDietPL\/","https:\/\/www.instagram.com\/vitadiet_pl\/"]}]}},"_links":{"self":[{"href":"https:\/\/vitadiet.pl\/wp-json\/wp\/v2\/pages\/9","targetHints":{"allow":["GET"]}}],"collection":[{"href":"https:\/\/vitadiet.pl\/wp-json\/wp\/v2\/pages"}],"about":[{"href":"https:\/\/vitadiet.pl\/wp-json\/wp\/v2\/types\/page"}],"author":[{"embeddable":true,"href":"https:\/\/vitadiet.pl\/wp-json\/wp\/v2\/users\/1"}],"replies":[{"embeddable":true,"href":"https:\/\/vitadiet.pl\/wp-json\/wp\/v2\/comments?post=9"}],"version-history":[{"count":3,"href":"https:\/\/vitadiet.pl\/wp-json\/wp\/v2\/pages\/9\/revisions"}],"predecessor-version":[{"id":122326,"href":"https:\/\/vitadiet.pl\/wp-json\/wp\/v2\/pages\/9\/revisions\/122326"}],"wp:attachment":[{"href":"https:\/\/vitadiet.pl\/wp-json\/wp\/v2\/media?parent=9"}],"curies":[{"name":"wp","href":"https:\/\/api.w.org\/{rel}","templated":true}]}}